{"id":30,"date":"2024-12-19T17:14:48","date_gmt":"2024-12-19T16:14:48","guid":{"rendered":"https:\/\/lesabrisdumarin.fr\/?page_id=30"},"modified":"2025-09-14T15:35:17","modified_gmt":"2025-09-14T13:35:17","slug":"fonctionnement","status":"publish","type":"page","link":"https:\/\/lesabrisdumarin.fr\/index.php\/fonctionnement\/","title":{"rendered":"Fonctionnement"},"content":{"rendered":"\n<p class=\"nc-justify-text\">Le conseil d\u2019administration de l\u2019association d\u00e9signe parmi ses membres une commission sociale qui se r\u00e9unit quatre fois par an ; lors de ces r\u00e9unions, le SSM (Service Social Maritime) pr\u00e9sente les diff\u00e9rents dossiers \u00e0 l\u2019ordre du jour&nbsp;en respectant l\u2019anonymat des demandeurs.<\/p>\n\n\n\n<p class=\"nc-justify-text\">L\u2019association \u00e9met un avis sur chaque dossier examin\u00e9 et donne suite (ou pas) \u00e0 la demande d\u2019aide financi\u00e8re selon les moyens dont elle dispose.&nbsp; L\u2019instruction des dossiers par les professionnels du SSM,&nbsp;bien au fait de la situation sociale et mat\u00e9rielle de la population maritime,&nbsp;permet une approche dynamique dynamique des cas soumis ; le SSM pr\u00e9sente les demandes d\u2019aide en tenant compte de l\u2019esprit et des priorit\u00e9s de l\u2019association.<\/p>\n\n\n\n<p class=\"nc-justify-text\">Les&nbsp;aides sont toujours affect\u00e9es \u00e0 des actions sp\u00e9cifiques comme des cotisations de mutuelle, le r\u00e8glement de loyers (permettant aux familles en difficult\u00e9 de reprendre contact avec leurs bailleurs) ou de factures d\u2019eau ou d\u2019\u00e9lectricit\u00e9 afin d\u2019\u00e9viter des coupures.<\/p>\n\n\n\n<p class=\"nc-justify-text\">L\u2019association constate de plus en plus&nbsp;une pr\u00e9carisation&nbsp;tr\u00e8s&nbsp;importante de couples retrait\u00e9s ; leurs revenus, insuffisants,&nbsp; permettent difficilement de subvenir aux besoins courants et tout&nbsp;&nbsp;besoin compl\u00e9mentaire d\u00e9sorganise les budgets et les oblige \u00e0 solliciter une aide en cas d\u2019\u00e9v\u00e8nement exceptionnel.&nbsp;&nbsp;&nbsp;&nbsp;&nbsp;&nbsp;&nbsp;&nbsp;&nbsp;&nbsp;&nbsp;&nbsp;&nbsp;&nbsp;&nbsp;&nbsp;&nbsp;&nbsp;&nbsp;&nbsp;&nbsp;&nbsp;&nbsp;&nbsp;&nbsp;&nbsp;&nbsp;<\/p>\n\n\n\n<p class=\"nc-justify-text\"><strong>Gr\u00e2ce \u00e0 votre soutien,&nbsp;au cours des 4 commissions sociales de 2024 notre association a pu attribuer \u00e0 71 familles un montant total de 35 561 \u20ac. En 2023 ce montant \u00e9tait de 33 153 \u20ac.<\/strong><\/p>\n\n\n\n<hr class=\"wp-block-separator has-alpha-channel-opacity\"\/>\n\n\n\n<p>A la suite du Conseil d\u2019Administration et de l\u2019Assembl\u00e9e G\u00e9n\u00e9rale du 8 ao\u00fbt 2025, le conseil d\u2019administration&nbsp;de l\u2019association est d\u00e9sormais constitu\u00e9 du Bureau suivant :&nbsp;<\/p>\n\n\n\n<ul class=\"wp-block-list\">\n<li>Pierre\u00a0Iweins, pr\u00e9sident,\u00a0tr\u00e9sorier<\/li>\n\n\n\n<li>Thierry Milhade, secr\u00e9taire,<\/li>\n\n\n\n<li>Jehan de Ponfilly, administrateur informatique,<\/li>\n<\/ul>\n\n\n\n<p>et des membres ci-apr\u00e8s :&nbsp;<\/p>\n\n\n\n<ul class=\"wp-block-list\">\n<li>Anne-Marie\u00a0Rolland,\u00a0 membre<\/li>\n\n\n\n<li>Pierre Rolland, membre,<\/li>\n\n\n\n<li>Elisabeth Devulder, membre,<\/li>\n\n\n\n<li>Bernard Aubert, membre,<\/li>\n\n\n\n<li>Pierre Bodin, membre,<\/li>\n\n\n\n<li>Laetitia Pasquier, membre<\/li>\n\n\n\n<li>Mr le Directeur de l\u2019ENIM, membre de droit,\u00a0<\/li>\n\n\n\n<li>Mr l\u2019Administrateur G\u00e9n\u00e9ral, inspecteur g\u00e9n\u00e9ral des Affaires Maritimes, membre de droit,<\/li>\n\n\n\n<li>Mr l\u2019Administrateur, chef du service des Affaires Maritimes du Guilvinec, membre de droit,<\/li>\n\n\n\n<li>Mr le Pr\u00e9sident du SSM, membre de droit.<\/li>\n<\/ul>\n","protected":false},"excerpt":{"rendered":"<p>Le conseil d\u2019administration de l\u2019association d\u00e9signe parmi ses membres une commission sociale qui se r\u00e9unit quatre fois par an ; lors de ces r\u00e9unions, le SSM (Service Social Maritime) pr\u00e9sente les diff\u00e9rents dossiers \u00e0 l\u2019ordre du jour&nbsp;en respectant l\u2019anonymat des demandeurs. L\u2019association \u00e9met un avis sur chaque dossier examin\u00e9 et donne suite (ou pas) \u00e0 [&hellip;]<\/p>\n","protected":false},"author":1,"featured_media":0,"parent":0,"menu_order":8,"comment_status":"closed","ping_status":"closed","template":"","meta":{"give_campaign_id":0,"footnotes":""},"class_list":["post-30","page","type-page","status-publish","hentry"],"campaignId":"","jetpack_sharing_enabled":true,"_links":{"self":[{"href":"https:\/\/lesabrisdumarin.fr\/index.php\/wp-json\/wp\/v2\/pages\/30","targetHints":{"allow":["GET"]}}],"collection":[{"href":"https:\/\/lesabrisdumarin.fr\/index.php\/wp-json\/wp\/v2\/pages"}],"about":[{"href":"https:\/\/lesabrisdumarin.fr\/index.php\/wp-json\/wp\/v2\/types\/page"}],"author":[{"embeddable":true,"href":"https:\/\/lesabrisdumarin.fr\/index.php\/wp-json\/wp\/v2\/users\/1"}],"replies":[{"embeddable":true,"href":"https:\/\/lesabrisdumarin.fr\/index.php\/wp-json\/wp\/v2\/comments?post=30"}],"version-history":[{"count":15,"href":"https:\/\/lesabrisdumarin.fr\/index.php\/wp-json\/wp\/v2\/pages\/30\/revisions"}],"predecessor-version":[{"id":632,"href":"https:\/\/lesabrisdumarin.fr\/index.php\/wp-json\/wp\/v2\/pages\/30\/revisions\/632"}],"wp:attachment":[{"href":"https:\/\/lesabrisdumarin.fr\/index.php\/wp-json\/wp\/v2\/media?parent=30"}],"curies":[{"name":"wp","href":"https:\/\/api.w.org\/{rel}","templated":true}]}}