{"id":24,"date":"2024-12-19T17:14:14","date_gmt":"2024-12-19T16:14:14","guid":{"rendered":"https:\/\/lesabrisdumarin.fr\/?page_id=24"},"modified":"2025-09-14T14:52:40","modified_gmt":"2025-09-14T12:52:40","slug":"historique","status":"publish","type":"page","link":"https:\/\/lesabrisdumarin.fr\/index.php\/historique\/","title":{"rendered":"Historique"},"content":{"rendered":"\n<div class=\"wp-block-cover has-custom-content-position is-position-bottom-center\"><img loading=\"lazy\" decoding=\"async\" width=\"756\" height=\"578\" class=\"wp-block-cover__image-background wp-image-98\" alt=\"\" src=\"http:\/\/lesabrisdumarin.fr\/wp-content\/uploads\/2024\/12\/jacques-de-Thezac.jpg\" data-object-fit=\"cover\" srcset=\"https:\/\/lesabrisdumarin.fr\/wp-content\/uploads\/2024\/12\/jacques-de-Thezac.jpg 756w, https:\/\/lesabrisdumarin.fr\/wp-content\/uploads\/2024\/12\/jacques-de-Thezac-300x229.jpg 300w\" sizes=\"auto, (max-width: 756px) 100vw, 756px\" \/><span aria-hidden=\"true\" class=\"wp-block-cover__background has-background-dim\"><\/span><div class=\"wp-block-cover__inner-container is-layout-flow wp-block-cover-is-layout-flow\">\n<p class=\"has-text-align-center has-large-font-size\"><\/p>\n<\/div><\/div>\n\n\n\n<p><strong>Jacques&nbsp;de&nbsp;Th\u00e9zac, le&nbsp;fondateur de l&rsquo;Oeuvre des Abris du Marin et de l&rsquo;Almanach du Marin Breton<\/strong><\/p>\n\n\n\n<p><strong>L&rsquo;Oeuvre des Abris du Marin et de l&rsquo;Almanach du Marin Breton (lanc\u00e9e en 1899)<\/strong><\/p>\n\n\n\n<p style=\"text-align:justify;\">En 1899, Jacques de Th\u00e9zac&nbsp;&nbsp;fonde \u00ab\u00a0<strong>l\u2019Oeuvre des Abris du Marin et de l&rsquo;Almanach du Marin Breton\u00a0\u00bb<\/strong>&nbsp;; elle a son si\u00e8ge \u00e0 Sainte Marine en Combrit par Pont-L&rsquo;Abb\u00e9-Lambourg (Finist\u00e8re) et son&nbsp;but est \u00ab\u00a0d&rsquo;\u00e9tudier et de rechercher consciencieusement et dans l&rsquo;esprit le plus d\u00e9sint\u00e9ress\u00e9, les moyens d&rsquo;am\u00e9liorer l&rsquo;\u00e9tat moral ou mat\u00e9riel des marins-p\u00eacheurs et notamment de lutter contre les ravages de l&rsquo;alcoolisme\u00a0\u00bb.<\/p>\n\n\n\n<p class=\"nc-justify-text\"><br>Les abris sont inspir\u00e9s&nbsp;des&nbsp;sailors\u2019s homes britanniques ; Jacques de&nbsp;Th\u00e9zac&nbsp;d\u00e9cide d\u2019offrir aux marins des b\u00e2timents situ\u00e9s sur le port leur permettant de trouver un abri dans des locaux sains, chauff\u00e9s, confortablement am\u00e9nag\u00e9s avec des salles de r\u00e9union et d\u2019\u00e9ducation.<\/p>\n\n\n\n<p>En 1927 l&rsquo;oeuvre&nbsp;initiale est divis\u00e9e en deux comptes (L&rsquo;Oeuvre des Abris du Marin&nbsp;et L&rsquo;Almanach du Marin Breton).<\/p>\n\n\n\n<p>En&nbsp;1992, l&rsquo;Oeuvre des Abris du Marin&nbsp;change&nbsp;sa mission qui devient \u00ab\u00a0Venir en aide aux marins\u00a0\u00bb&nbsp;et en 2006 elle devient l&rsquo;association<\/p>\n\n\n\n<p>Les Abris du Marin dont l&rsquo;objectif est de venir en aide aux familles de marins en difficult\u00e9.<\/p>\n\n\n\n<p><strong>Les diff\u00e9rents pr\u00e9sidents de l&rsquo;association :<\/strong><\/p>\n\n\n\n<ul class=\"wp-block-list\">\n<li>Jacques de Th\u00e9zac&nbsp; de 1899 \u00e0 1936<\/li>\n\n\n\n<li>Jean Raffenel de 1936 \u00e0 1954<\/li>\n\n\n\n<li>Pol Friant de 1954 \u00e0 1961<\/li>\n\n\n\n<li>Contre-amiral des Essarts de 1961 \u00e0 1979<\/li>\n\n\n\n<li>Administrateur g\u00e9n\u00e9ral des Affaires Maritimes Ren\u00e9 Georgelin de 1979 \u00e0 1985<\/li>\n\n\n\n<li>Administrateur g\u00e9n\u00e9ral des Affaires Maritimes Jean Lepvrier 1985 \u00e0 1990<\/li>\n\n\n\n<li>Vincent Etienne N\u00e9d\u00e9lec 1990 \u00e0 1992<\/li>\n\n\n\n<li>Simon Le Rhun de 1992 \u00e0 2006<\/li>\n\n\n\n<li>Roger Guillamet &nbsp;2006 \u00e0 2018<\/li>\n\n\n\n<li>Pierre Iweins&nbsp;2018<\/li>\n<\/ul>\n\n\n\n<p class=\"nc-justify-text\">Entre 1900 et 1933, du vivant de leur fondateur,&nbsp;onze Abris du Marin sont implant\u00e9s&nbsp;dans les ports du&nbsp;Finist\u00e8re&nbsp;et&nbsp;un &nbsp;dans le Morbihan ; en 1985, consid\u00e9rant que les Abris ont \u00ab\u00a0bien rempli leurs missions\u00a0\u00bb et sont heureusement \u00ab\u00a0d\u00e9pass\u00e9s par l&rsquo;heureuse \u00e9volution sociale et \u00e9conomique du monde de la p\u00eache\u00a0\u00bb, les 3 derniers abris sont ferm\u00e9s et vendus&nbsp;; Jacques de&nbsp;Th\u00e9zac&nbsp;s&rsquo;en serait certainement r\u00e9joui&#8230;<\/p>\n\n\n\n<p><\/p>\n\n\n\n<h3 class=\"wp-block-heading\">Fondation et implantation des Abris du Marin<\/h3>\n\n\n\n<p>&lt;galerie&gt; <\/p>\n\n\n\n<ul class=\"wp-block-list\">\n<li>Le&nbsp;Guilvinec&nbsp;(1900\/1985), agrandi en 1923,<\/li>\n\n\n\n<li>Ile de Sein&nbsp;(1900\/1933) et extension (1906\/1973),<\/li>\n\n\n\n<li>Lanriec&nbsp;(1901\/1957),<\/li>\n\n\n\n<li>Audierne&nbsp;(1901\/1956),<\/li>\n\n\n\n<li>Concarneau&nbsp;(1901\/1960),<\/li>\n\n\n\n<li>Belle Ile &#8211; Le&nbsp;Palais (1901\/1965),<\/li>\n\n\n\n<li>Camaret-sur-Mer (1903\/1961),<\/li>\n\n\n\n<li>Sainte Marine, 1er&nbsp;abri (1904) puis&nbsp;abri actuel&nbsp;(1910\/1985 et&nbsp;r\u00e9nov\u00e9 2008),<\/li>\n\n\n\n<li>Ile&nbsp;Tudy (1908\/1933),<\/li>\n\n\n\n<li>Roscoff&nbsp;(1909\/1952),<\/li>\n\n\n\n<li>Douarnenez (1914\/1973),<\/li>\n\n\n\n<li>Poulgoazec&nbsp;(1933\/1985),<\/li>\n\n\n\n<li>Quiberon&nbsp;\/&nbsp;Port Maria (1946\/1971),<\/li>\n\n\n\n<li>Ile d&rsquo;Houat&nbsp;(1950\/1965),<\/li>\n\n\n\n<li>St&nbsp;Gu\u00e9nol\u00e9 (1952\/1973)<\/li>\n<\/ul>\n\n\n\n<h3 class=\"wp-block-heading\">Des lieux tr\u00e8s fr\u00e9quent\u00e9s<\/h3>\n\n\n\n<p class=\"nc-justify-text\">Cr\u00e9\u00e9s&nbsp;en 1900 pour abriter et soutenir&nbsp;le marin-p\u00eacheur breton, les Abris du Marin d\u00e9veloppent g\u00e9n\u00e9reusement&nbsp;leur action jusqu&rsquo;en 1985&nbsp; &nbsp;tant sur le plan social que moral ; les abris les plus fr\u00e9quent\u00e9s sont&nbsp;Douarnenez, Le&nbsp;Guilvinec, passage&nbsp;Lanriec,&nbsp;Audierne&nbsp;et&nbsp;Concarneau.<\/p>\n\n\n\n<p>Le journal&nbsp;Ouest-\u00c9clair&nbsp;donne, pour l&rsquo;ann\u00e9e&nbsp;1919, des pr\u00e9cisions sur leur fr\u00e9quentation&nbsp;:<\/p>\n\n\n\n<p class=\"nc-justify-text\"><em>\u00ab\u00a0Les Abris du Marin&nbsp;ont retrouv\u00e9 leur vie normale&nbsp;: les entr\u00e9es de 1919 ont progress\u00e9 de plus de cent mille sur l&rsquo;ann\u00e9e pr\u00e9c\u00e9dente. Ces \u00e9tablissements ont enregistr\u00e9 335 670 entr\u00e9es de marins, dont 60 134 entr\u00e9es aux salles de lecture. Ces entr\u00e9es se r\u00e9partissent comme suit&nbsp;: Abri du marin de l&rsquo;\u00cele-de-Sein&nbsp;: 11 188, Guilvinec 52 874, Passage-Lanriec 33 230, Concarneau 23 164, Audierne 30 596, [Le] Palais 14 509, Camaret 12 872, Sainte-Marine 7 457, l&rsquo;\u00cele-Tudy 10 076, Roscoff 15 219, Douarnenez 129 085\u00a0\u00bb.&nbsp;<\/em><\/p>\n\n\n\n<p><\/p>\n\n\n\n<h3 class=\"wp-block-heading\">L&rsquo;abri du marin (Ti Ar Martolod) &#8211; fonctionnement<\/h3>\n\n\n\n<figure class=\"wp-block-image size-full\"><img loading=\"lazy\" decoding=\"async\" width=\"454\" height=\"360\" src=\"https:\/\/lesabrisdumarin.fr\/wp-content\/uploads\/2024\/12\/abri.jpg\" alt=\"\" class=\"wp-image-99\" srcset=\"https:\/\/lesabrisdumarin.fr\/wp-content\/uploads\/2024\/12\/abri.jpg 454w, https:\/\/lesabrisdumarin.fr\/wp-content\/uploads\/2024\/12\/abri-300x238.jpg 300w\" sizes=\"auto, (max-width: 454px) 100vw, 454px\" \/><\/figure>\n\n\n\n<p class=\"nc-justify-text\">Outre une salle&nbsp; o\u00f9 \u00e9taient donn\u00e9s des conf\u00e9rences, des cours de perfectionnement en navigation ou des s\u00e9ances de projection, l&rsquo;Abri&nbsp;du Marin&nbsp;comportait le logement du gardien, une biblioth\u00e8que, un dispensaire, des chambres pour les marins de passage, des ateliers o\u00f9 ils pouvaient r\u00e9parer leurs \u00e9quipements et un pr\u00e9au \u00e9quip\u00e9 de mat\u00e9riels de gymnastique.<\/p>\n\n\n\n<p class=\"nc-justify-text\">Les Abris du Marin ont re\u00e7u&nbsp;des millions de marins qui vont y trouver un refuge, des cours de matelotage, de navigation, de radiot\u00e9l\u00e9graphie, des jeux, des journaux, des revues et des livres, des soins etc.<\/p>\n\n\n\n<p>L\u2019alcool y \u00e9tait interdit ; on y trouvait que de l\u2019eau et des tisanes d\u2019eucalyptus.<\/p>\n\n\n\n<p class=\"nc-justify-text\">Catholique fervent, l\u2019action de Jacques de Th\u00e9zac \u00e9tait sous-tendue par ses convictions religieuses. Sans faire de&nbsp;pros\u00e9lytisme, les maximes rappel\u00e9es sur les murs int\u00e9rieurs des Abris et dans l\u2019Almanach du Marin Breton s\u2019inspiraient des pr\u00e9ceptes de l\u2019Evangile.<\/p>\n\n\n\n<p class=\"nc-justify-text\">D&rsquo;innombrables panneaux appelaient les marins&nbsp;\u00e0 la temp\u00e9rance et \u00e9non\u00e7aient&nbsp; les grands principes qui devaient guider leur&nbsp;vie. On y trouvait \u00e9galement des contenus plus professionnels : cartes marines, syst\u00e8mes de balisage, etc.<\/p>\n\n\n\n<p>Facilement reconnaissables \u00e0 leur couleur rose, les murs ext\u00e9rieurs des abris s&rsquo;ornaient de&nbsp;devises comme :<\/p>\n\n\n\n<ul class=\"wp-block-list\">\n<li>Karet&nbsp;an eil&nbsp;egile&nbsp;&nbsp;(<em>Aimez vous les uns les autres<\/em> )<\/li>\n\n\n\n<li>Doue,&nbsp;Henor&nbsp;hag ar Vro &nbsp;(<em>Dieu, Honneur et Patrie<\/em>)<\/li>\n\n\n\n<li>Doue,&nbsp;Familh,&nbsp;Dever, ar&nbsp;Mor &nbsp;(<em>Dieu, Famille, Devoir, la Mer<\/em>)<\/li>\n<\/ul>\n\n\n\n<h3 class=\"wp-block-heading\" style=\"border-style:none;border-width:0px;border-radius:5px;font-size:clamp(14px, 0.875rem + ((1vw - 3.2px) * 0.506), 18px);\">Les \u0153uvres annexes : l\u2019\u0153uvre du bien du p\u00eacheur et l\u2019almanach du Marin Breton<\/h3>\n\n\n\n<h4 class=\"wp-block-heading\" style=\"font-size:clamp(14px, 0.875rem + ((1vw - 3.2px) * 0.253), 16px);\"><strong>L\u2019\u0152uvre du Bien du P\u00eacheur (1906<\/strong>)<\/h4>\n\n\n\n<figure class=\"wp-block-image aligncenter size-full\"><img loading=\"lazy\" decoding=\"async\" width=\"454\" height=\"363\" src=\"https:\/\/lesabrisdumarin.fr\/wp-content\/uploads\/2024\/12\/oeuvre-du-bien-du-pecheur.jpg\" alt=\"\" class=\"wp-image-100\" srcset=\"https:\/\/lesabrisdumarin.fr\/wp-content\/uploads\/2024\/12\/oeuvre-du-bien-du-pecheur.jpg 454w, https:\/\/lesabrisdumarin.fr\/wp-content\/uploads\/2024\/12\/oeuvre-du-bien-du-pecheur-300x240.jpg 300w\" sizes=\"auto, (max-width: 454px) 100vw, 454px\" \/><\/figure>\n\n\n\n<p class=\"nc-justify-text\">Cr\u00e9\u00e9e en 1906 <strong>\u00ab\u00a0l&rsquo;Oeuvre du Bien du P\u00eacheur\u00a0\u00bb<\/strong>&nbsp;a&nbsp;pour but, selon Jacques de Th\u00e9zac,&nbsp;de \u00a0\u00bb&nbsp;<em>faciliter, \u00e0 des conditions avantageuses, tant l\u2019achat que la location de logements salubres, gais, commodes, aux jeunes m\u00e9nages de marins p\u00eacheurs<\/em>, <em>de faire conna\u00eetre et adopter peu \u00e0 peu certaines&nbsp;particularit\u00e9s de construction et d&rsquo;installation rendant la maison et le jardin du p\u00eacheur plus hygi\u00e9niques et plus profitables, de rendre impossible les entassements humains\u00a0\u00bb.<\/em><\/p>\n\n\n\n<p>Ainsi 4 petites maisons mod\u00e8les sont construites \u00e0 Sainte Marine, cit\u00e9-jardin de&nbsp;Kerheol (\u00ab\u00a0village du soleil\u00a0\u00bb).<\/p>\n\n\n\n<p><\/p>\n\n\n\n<h4 class=\"wp-block-heading\" style=\"font-size:clamp(14px, 0.875rem + ((1vw - 3.2px) * 0.253), 16px);\"><strong>L&rsquo;Almanach du Marin Breton (1899)<\/strong><\/h4>\n\n\n\n<figure class=\"wp-block-image aligncenter size-full is-resized\"><img loading=\"lazy\" decoding=\"async\" width=\"211\" height=\"297\" src=\"https:\/\/lesabrisdumarin.fr\/wp-content\/uploads\/2024\/12\/Almanach.jpg\" alt=\"\" class=\"wp-image-101\" style=\"width:335px;height:auto\"\/><\/figure>\n\n\n\n<blockquote class=\"wp-block-quote is-layout-flow wp-block-quote-is-layout-flow\">\n<p><em>\u00ab\u00a0Nous sommes quelques amis qui vivons au milieu de vous, \u00e0 terre et en mer. Nous voyons de pr\u00e8s vos qualit\u00e9s&#8230;Nous voulons vous rendre service et vous aider \u00e0 \u00eatre plus heureux&#8230; C&rsquo;est dans ce but que nous avons compos\u00e9 cet almanach&#8230;\u00a0\u00bb <\/em>Jacques de Th\u00e9zac.<\/p>\n<\/blockquote>\n\n\n\n<p class=\"nc-justify-text\"><strong>\u00ab\u00a0L\u2019Almanach du Marin Breton\u00a0\u00bb&nbsp;<\/strong>est une publication professionnelle et \u00e9ducative dont la premi\u00e8re \u00e9dition para\u00eet en 1899. Cette revue permet \u00e0 son fondateur&nbsp;de faire passer des&nbsp;messages concernant l\u2019hygi\u00e8ne, la temp\u00e9rance, le secourisme, la sauvegarde des marins en mer etc.<\/p>\n\n\n\n<p class=\"nc-justify-text\">En m\u00e9langeant les donn\u00e9es nautiques, les conseils professionnels, des instructions diverses et les pages d\u2019attraction avec des chansons des maximes, des caricatures et des blagues, l\u2019ouvrage est un succ\u00e8s inesp\u00e9r\u00e9 et prometteur.&nbsp;Publi\u00e9e \u00e0 6000 exemplaires, la premi\u00e8re \u00e9dition de l&rsquo;Almanach du Marin Breton&nbsp;est \u00e9puis\u00e9e en trois semaines et l&rsquo;ann\u00e9e suivante, le tirage de 13000 exemplaires s&rsquo;av\u00e8re insuffisant.<\/p>\n\n\n\n<hr class=\"wp-block-separator has-alpha-channel-opacity\"\/>\n\n\n\n<h1 class=\"wp-block-heading\">Que reste-t-il de l\u2019\u0153uvre de Jacques de Th\u00e9zac ?<\/h1>\n\n\n\n<h2 class=\"wp-block-heading\">L&rsquo;association Les Abris du marin :<\/h2>\n\n\n\n<p>Aujourd&rsquo;hui, les abris ont \u00e9t\u00e9 vendus mais l&rsquo;oeuvre des Abris du Marin existe toujours.<\/p>\n\n\n\n<p class=\"nc-justify-text\">Devenue l\u2019association Les Abris du Marin, elle a pour but de venir en aide, dans l\u2019esprit le plus d\u00e9sint\u00e9ress\u00e9, aux marins de la marine marchande (p\u00eache et commerce) et \u00e0 leurs familles par l\u2019attribution de divers secours financiers.<\/p>\n\n\n\n<p class=\"nc-justify-text\">C\u2019est une association reconnue d&rsquo;utilit\u00e9 publique en 1920 et confirm\u00e9e en 2006.<\/p>\n\n\n\n<p class=\"nc-justify-text\">Les cotisations et les dons sont d\u00e9ductibles des imp\u00f4ts (sur le revenu et \/ou sur les soci\u00e9t\u00e9s) suivant la l\u00e9gislation en vigueur et fait l\u2019objet d\u2019un re\u00e7u fiscal.<\/p>\n\n\n\n<p class=\"nc-justify-text\">Notre association peut recevoir des donations et des legs. Ces donations et ces legs sont exon\u00e9r\u00e9s de droits de succession.<\/p>\n\n\n\n<p class=\"nc-justify-text\">Entre 2020 et 2024 l&rsquo;association Les Abris du Marin a attribu\u00e9 331 000 \u20ac de don \u00e0 331 familles de marin.<\/p>\n\n\n\n<h2 class=\"wp-block-heading\">L\u2019\u0153uvre du marin Breton :<\/h2>\n\n\n\n<p class=\"has-text-align-left nc-justify-text\">L\u2019association fait des dons ou des avances remboursables sans int\u00e9r\u00eats.&nbsp;<\/p>\n\n\n\n<p class=\"has-text-align-left nc-justify-text\">\u200bEntre octobre 2011 et septembre 2012, l\u2019association a aid\u00e9 85 familles et effectu\u00e9 45 dons. <\/p>\n\n\n\n<p class=\"has-text-align-left nc-justify-text\">Par ailleurs&nbsp;l\u2019Almanach du Marin Breton, ouvrage r\u00e9glementaire indispensable \u00e0 bord des bateaux professionnels ou de plaisance, fournit les ressources de l\u2019action sociale.<\/p>\n\n\n\n<p class=\"has-text-align-left nc-justify-text\">L\u2019exc\u00e9dent de ses ventes est distribu\u00e9 en dons ou en r\u00e9serve financi\u00e8re pour l\u2019attribution des pr\u00eats.<\/p>\n\n\n\n<p><\/p>\n","protected":false},"excerpt":{"rendered":"<p>Jacques&nbsp;de&nbsp;Th\u00e9zac, le&nbsp;fondateur de l&rsquo;Oeuvre des Abris du Marin et de l&rsquo;Almanach du Marin Breton L&rsquo;Oeuvre des Abris du Marin et de l&rsquo;Almanach du Marin Breton (lanc\u00e9e en 1899) En 1899, Jacques de Th\u00e9zac&nbsp;&nbsp;fonde \u00ab\u00a0l\u2019Oeuvre des Abris du Marin et de l&rsquo;Almanach du Marin Breton\u00a0\u00bb&nbsp;; elle a son si\u00e8ge \u00e0 Sainte Marine en Combrit par Pont-L&rsquo;Abb\u00e9-Lambourg [&hellip;]<\/p>\n","protected":false},"author":1,"featured_media":0,"parent":0,"menu_order":5,"comment_status":"closed","ping_status":"closed","template":"","meta":{"give_campaign_id":0,"footnotes":""},"class_list":["post-24","page","type-page","status-publish","hentry"],"campaignId":"","jetpack_sharing_enabled":true,"_links":{"self":[{"href":"https:\/\/lesabrisdumarin.fr\/index.php\/wp-json\/wp\/v2\/pages\/24","targetHints":{"allow":["GET"]}}],"collection":[{"href":"https:\/\/lesabrisdumarin.fr\/index.php\/wp-json\/wp\/v2\/pages"}],"about":[{"href":"https:\/\/lesabrisdumarin.fr\/index.php\/wp-json\/wp\/v2\/types\/page"}],"author":[{"embeddable":true,"href":"https:\/\/lesabrisdumarin.fr\/index.php\/wp-json\/wp\/v2\/users\/1"}],"replies":[{"embeddable":true,"href":"https:\/\/lesabrisdumarin.fr\/index.php\/wp-json\/wp\/v2\/comments?post=24"}],"version-history":[{"count":57,"href":"https:\/\/lesabrisdumarin.fr\/index.php\/wp-json\/wp\/v2\/pages\/24\/revisions"}],"predecessor-version":[{"id":628,"href":"https:\/\/lesabrisdumarin.fr\/index.php\/wp-json\/wp\/v2\/pages\/24\/revisions\/628"}],"wp:attachment":[{"href":"https:\/\/lesabrisdumarin.fr\/index.php\/wp-json\/wp\/v2\/media?parent=24"}],"curies":[{"name":"wp","href":"https:\/\/api.w.org\/{rel}","templated":true}]}}