{"id":2,"date":"2024-12-19T15:47:43","date_gmt":"2024-12-19T14:47:43","guid":{"rendered":"http:\/\/lesabrisdumarin.fr\/?page_id=2"},"modified":"2025-03-19T14:32:49","modified_gmt":"2025-03-19T13:32:49","slug":"index","status":"publish","type":"page","link":"https:\/\/lesabrisdumarin.fr\/","title":{"rendered":"L&rsquo;association"},"content":{"rendered":"\n<p>L&rsquo;association a pour objet : L&rsquo;AIDE AUX FAMILLES DE MARINS EN D<span style=\"font-family: -webkit-standard; text-align: start; white-space: normal;\">IFFICULT\u00c9<\/span>.<\/p>\n\n\n\n<p class=\"nc-justify-text\"><strong>AIDER \u00c0 PASSER UN CAP<\/strong><\/p>\n\n\n\n<p>Nous aidons les marins \u00e0 la p\u00eache ou au commerce, en activit\u00e9, \u00e0 la retraite ou en arr\u00eat, les familles de marin et les futurs marins, tous ceux qui sont confront\u00e9s \u00e0 une difficult\u00e9 majeure<\/p>\n\n\n\n<p>Nous compatissons sinc\u00e8rement \u00e0 tous les cas de d\u00e9tresse psychologique ou mat\u00e9rielle et souhaitons donner un coup de pouce pour que toute personne s\u2019en sorte et passe le cap difficile<\/p>\n\n\n\n<p>Nous aidons&nbsp;en particulier :<\/p>\n\n\n\n<ul class=\"wp-block-list\">\n<li>Les personnes en arr\u00eat maladie ou accident qui vont pouvoir reprendre leur activit\u00e9 professionnelle<\/li>\n<\/ul>\n\n\n\n<ul class=\"wp-block-list\">\n<li>Les personnes contraintes \u00e0 une reconversion<\/li>\n<\/ul>\n\n\n\n<ul class=\"wp-block-list\">\n<li>Les personnes \u00e0 tr\u00e8s petit revenu devant faire face \u00e0 un impr\u00e9vu&nbsp;<\/li>\n<\/ul>\n\n\n\n<p><\/p>\n\n\n\n<figure class=\"wp-block-image aligncenter size-full\"><img loading=\"lazy\" decoding=\"async\" width=\"605\" height=\"403\" src=\"http:\/\/lesabrisdumarin.fr\/wp-content\/uploads\/2024\/12\/Image2.jpg\" alt=\"\" class=\"wp-image-41\" srcset=\"https:\/\/lesabrisdumarin.fr\/wp-content\/uploads\/2024\/12\/Image2.jpg 605w, https:\/\/lesabrisdumarin.fr\/wp-content\/uploads\/2024\/12\/Image2-300x200.jpg 300w\" sizes=\"auto, (max-width: 605px) 100vw, 605px\" \/><\/figure>\n\n\n\n<p class=\"nc-justify-text\"><\/p>\n\n\n\n<p class=\"has-instrument-sans-font-family\">L\u2019association \u00ab\u00a0Les Abris du Marin\u00a0\u00bb est une&nbsp;\u0153uvre&nbsp;sociale (Loi du 1er juillet 1901), reconnue d&rsquo;utilit\u00e9 publique en 1920 et confirm\u00e9e en 2006 ; elle a \u00e9t\u00e9 honor\u00e9e par l\u2019Acad\u00e9mie Fran\u00e7aise et&nbsp;par l\u2019Acad\u00e9mie des Sciences Morales et Politiques.<\/p>\n\n\n\n<p><br><\/p>\n\n\n\n<blockquote class=\"wp-block-quote has-text-align-center is-layout-flow wp-block-quote-is-layout-flow\">\n<p><\/p>\n<\/blockquote>\n\n\n\n<p><\/p>\n","protected":false},"excerpt":{"rendered":"<p>L&rsquo;association a pour objet : L&rsquo;AIDE AUX FAMILLES DE MARINS EN DIFFICULT\u00c9. AIDER \u00c0 PASSER UN CAP Nous aidons les marins \u00e0 la p\u00eache ou au commerce, en activit\u00e9, \u00e0 la retraite ou en arr\u00eat, les familles de marin et les futurs marins, tous ceux qui sont confront\u00e9s \u00e0 une difficult\u00e9 majeure Nous compatissons sinc\u00e8rement [&hellip;]<\/p>\n","protected":false},"author":1,"featured_media":0,"parent":0,"menu_order":1,"comment_status":"closed","ping_status":"closed","template":"","meta":{"give_campaign_id":0,"footnotes":""},"class_list":["post-2","page","type-page","status-publish","hentry"],"campaignId":"","jetpack_sharing_enabled":true,"_links":{"self":[{"href":"https:\/\/lesabrisdumarin.fr\/index.php\/wp-json\/wp\/v2\/pages\/2","targetHints":{"allow":["GET"]}}],"collection":[{"href":"https:\/\/lesabrisdumarin.fr\/index.php\/wp-json\/wp\/v2\/pages"}],"about":[{"href":"https:\/\/lesabrisdumarin.fr\/index.php\/wp-json\/wp\/v2\/types\/page"}],"author":[{"embeddable":true,"href":"https:\/\/lesabrisdumarin.fr\/index.php\/wp-json\/wp\/v2\/users\/1"}],"replies":[{"embeddable":true,"href":"https:\/\/lesabrisdumarin.fr\/index.php\/wp-json\/wp\/v2\/comments?post=2"}],"version-history":[{"count":35,"href":"https:\/\/lesabrisdumarin.fr\/index.php\/wp-json\/wp\/v2\/pages\/2\/revisions"}],"predecessor-version":[{"id":525,"href":"https:\/\/lesabrisdumarin.fr\/index.php\/wp-json\/wp\/v2\/pages\/2\/revisions\/525"}],"wp:attachment":[{"href":"https:\/\/lesabrisdumarin.fr\/index.php\/wp-json\/wp\/v2\/media?parent=2"}],"curies":[{"name":"wp","href":"https:\/\/api.w.org\/{rel}","templated":true}]}}