{"id":18,"date":"2024-12-19T17:13:32","date_gmt":"2024-12-19T16:13:32","guid":{"rendered":"https:\/\/lesabrisdumarin.fr\/?page_id=18"},"modified":"2025-02-10T10:10:48","modified_gmt":"2025-02-10T09:10:48","slug":"adhesion","status":"publish","type":"page","link":"https:\/\/lesabrisdumarin.fr\/index.php\/adhesion\/","title":{"rendered":"Adh\u00e9sion"},"content":{"rendered":"\n<p>Pour adh\u00e9rer \u00e0 notre association (ou renouveler votre cotisation), nous vous proposons de&nbsp;nous envoyer un mail \u00e0 <a href=\"mailto:secretariat@lesabrisdumarin.fr\">secretariat@lesabrisdumarin.fr<\/a> <\/p>\n\n\n\n<ul class=\"wp-block-list\">\n<li>Membre adh\u00e9rent : 30 \u20ac minimun<\/li>\n\n\n\n<li>Membre souscripteur : 75 \u20ac minimum<\/li>\n\n\n\n<li>Membre donateur : 300 \u20ac minimum<\/li>\n<\/ul>\n\n\n\n<p><strong>Cotisations&nbsp;ou dons&nbsp;selon la l\u00e9gislation fiscale en vigueur (articles 200 et 238b&nbsp;du CGI)<\/strong><\/p>\n\n\n\n<ul class=\"wp-block-list\">\n<li>\u200bParticulier&nbsp;: d\u00e9duction&nbsp;de l&rsquo;imp\u00f4t sur le revenu de&nbsp;<strong>66%<\/strong> de son montant dans la limite de 20% du revenu&nbsp;imposable&nbsp;; ainsi&nbsp;si vous voulez cotiser \u00e0 hauteur de 75&nbsp;euros, votre r\u00e9duction d&rsquo;imp\u00f4t sera de 49,5 euros.&nbsp;<\/li>\n\n\n\n<li class=\"nc-justify-text\">Entreprises&nbsp;:&nbsp;d\u00e9duction fiscale de <strong>60&nbsp;%<\/strong> du montant du don (ou de la cotisation)&nbsp;dans la limite d&rsquo;un plafond de 5&nbsp;\u2030 (5 pour mille) du chiffre d&rsquo;affaires annuel hors taxe de l&rsquo;entreprise.<\/li>\n<\/ul>\n\n\n<div class='root-data-givewp-embed' data-form-locale='fr_FR' data-form-url='https:\/\/lesabrisdumarin.fr\/?post_type=give_forms&#038;p=115' data-form-view-url='https:\/\/lesabrisdumarin.fr\/?givewp-route=donation-form-view&form-id=115' data-src='https:\/\/lesabrisdumarin.fr\/?givewp-route=donation-form-view&form-id=115' data-givewp-embed-id='give-form-shortcode-1' data-form-format='' data-open-form-button='Donate now' style='--givewp-primary-color: #115590; --givewp-secondary-color: #f49420;'><\/div>\n\n\n\n<p><\/p>\n\n\n\n<p class=\"has-text-align-center\"><strong>Pour payer par virement<\/strong>, voici les coordonn\u00e9es du compte de l&rsquo;association :<\/p>\n\n\n\n<p class=\"has-text-align-center\"><strong>IBAN : FR76 1380 7001 4630 5192 2920 247<\/strong><\/p>\n\n\n\n<p class=\"has-text-align-center\"><strong>BIC (Bank Identification Code) :&nbsp;&nbsp;CCBPFRPPNAN<\/strong><\/p>\n\n\n\n<p><\/p>\n\n\n\n<p><\/p>\n\n\n\n<div data-wp-interactive=\"core\/file\" class=\"wp-block-file aligncenter\"><object data-wp-bind--hidden=\"!state.hasPdfPreview\" hidden class=\"wp-block-file__embed\" data=\"http:\/\/lesabrisdumarin.fr\/wp-content\/uploads\/2025\/01\/Bulletin-dadhesion.pdf\" type=\"application\/pdf\" style=\"width:100%;height:600px\" aria-label=\"Contenu embarqu\u00e9 &lt;strong&gt;Bulletin d&apos;adh\u00e9sion&lt;\/strong&gt;.\"><\/object><a id=\"wp-block-file--media-34b50cb4-ca80-4472-b38a-a940fc2cd5ea\" href=\"http:\/\/lesabrisdumarin.fr\/wp-content\/uploads\/2025\/01\/Bulletin-dadhesion.pdf\"><strong>Bulletin d&rsquo;adh\u00e9sion<\/strong><\/a><a href=\"http:\/\/lesabrisdumarin.fr\/wp-content\/uploads\/2025\/01\/Bulletin-dadhesion.pdf\" class=\"wp-block-file__button wp-element-button\" download aria-describedby=\"wp-block-file--media-34b50cb4-ca80-4472-b38a-a940fc2cd5ea\">T\u00e9l\u00e9charger<\/a><\/div>\n","protected":false},"excerpt":{"rendered":"<p>Pour adh\u00e9rer \u00e0 notre association (ou renouveler votre cotisation), nous vous proposons de&nbsp;nous envoyer un mail \u00e0 secretariat@lesabrisdumarin.fr Cotisations&nbsp;ou dons&nbsp;selon la l\u00e9gislation fiscale en vigueur (articles 200 et 238b&nbsp;du CGI) Pour payer par virement, voici les coordonn\u00e9es du compte de l&rsquo;association : IBAN : FR76 1380 7001 4630 5192 2920 247 BIC (Bank Identification Code) [&hellip;]<\/p>\n","protected":false},"author":1,"featured_media":0,"parent":0,"menu_order":2,"comment_status":"closed","ping_status":"closed","template":"","meta":{"give_campaign_id":0,"footnotes":""},"class_list":["post-18","page","type-page","status-publish","hentry"],"campaignId":"","jetpack_sharing_enabled":true,"_links":{"self":[{"href":"https:\/\/lesabrisdumarin.fr\/index.php\/wp-json\/wp\/v2\/pages\/18","targetHints":{"allow":["GET"]}}],"collection":[{"href":"https:\/\/lesabrisdumarin.fr\/index.php\/wp-json\/wp\/v2\/pages"}],"about":[{"href":"https:\/\/lesabrisdumarin.fr\/index.php\/wp-json\/wp\/v2\/types\/page"}],"author":[{"embeddable":true,"href":"https:\/\/lesabrisdumarin.fr\/index.php\/wp-json\/wp\/v2\/users\/1"}],"replies":[{"embeddable":true,"href":"https:\/\/lesabrisdumarin.fr\/index.php\/wp-json\/wp\/v2\/comments?post=18"}],"version-history":[{"count":23,"href":"https:\/\/lesabrisdumarin.fr\/index.php\/wp-json\/wp\/v2\/pages\/18\/revisions"}],"predecessor-version":[{"id":387,"href":"https:\/\/lesabrisdumarin.fr\/index.php\/wp-json\/wp\/v2\/pages\/18\/revisions\/387"}],"wp:attachment":[{"href":"https:\/\/lesabrisdumarin.fr\/index.php\/wp-json\/wp\/v2\/media?parent=18"}],"curies":[{"name":"wp","href":"https:\/\/api.w.org\/{rel}","templated":true}]}}